{"id":292,"date":"2022-11-22T13:28:19","date_gmt":"2022-11-22T12:28:19","guid":{"rendered":"http:\/\/didieretpaolaauteurs.net\/?page_id=292"},"modified":"2022-11-22T16:46:15","modified_gmt":"2022-11-22T15:46:15","slug":"calendrier","status":"publish","type":"page","link":"https:\/\/didieretpaolaauteurs.net\/index.php\/calendrier\/","title":{"rendered":"Calendrier"},"content":{"rendered":"<p>[et_pb_section fb_built=&#8221;1&#8243; admin_label=&#8221;Header&#8221; _builder_version=&#8221;4.16&#8243; _module_preset=&#8221;default&#8221; background_enable_color=&#8221;off&#8221; background_image=&#8221;https:\/\/didieretpaolaauteurs.net\/wp-content\/uploads\/2022\/02\/event-space-46.jpg&#8221; parallax=&#8221;on&#8221; custom_margin=&#8221;||-142px|||&#8221; custom_padding=&#8221;0px||0px||true|false&#8221; locked=&#8221;off&#8221; global_colors_info=&#8221;{}&#8221;][et_pb_row _builder_version=&#8221;4.16&#8243; _module_preset=&#8221;default&#8221; min_height=&#8221;715.1px&#8221; custom_padding=&#8221;0px||0px|||&#8221; global_colors_info=&#8221;{}&#8221;][et_pb_column type=&#8221;4_4&#8243; _builder_version=&#8221;4.16&#8243; _module_preset=&#8221;default&#8221; custom_padding=&#8221;6vw||12vw||false|false&#8221; global_colors_info=&#8221;{}&#8221;][et_pb_text _builder_version=&#8221;4.16&#8243; _module_preset=&#8221;d31e2bc2-7099-47ba-9c37-1cdc94e70270&#8243; header_font=&#8221;Prata||||||||&#8221; header_font_size=&#8221;90px&#8221; header_line_height=&#8221;1.1em&#8221; position_origin_a=&#8221;center_left&#8221; z_index=&#8221;1&#8243; horizontal_offset_tablet=&#8221;0px&#8221; horizontal_offset_phone=&#8221;&#8221; horizontal_offset_last_edited=&#8221;on|phone&#8221; position_origin_a_tablet=&#8221;bottom_left&#8221; position_origin_a_phone=&#8221;&#8221; position_origin_a_last_edited=&#8221;on|desktop&#8221; position_origin_f_tablet=&#8221;&#8221; position_origin_f_phone=&#8221;&#8221; position_origin_f_last_edited=&#8221;on|desktop&#8221; position_origin_r_tablet=&#8221;&#8221; position_origin_r_phone=&#8221;&#8221; position_origin_r_last_edited=&#8221;on|desktop&#8221; background_layout=&#8221;dark&#8221; width=&#8221;56%&#8221; module_alignment=&#8221;right&#8221; header_font_size_tablet=&#8221;64px&#8221; header_font_size_phone=&#8221;30px&#8221; header_font_size_last_edited=&#8221;on|phone&#8221; header_line_height_tablet=&#8221;1.2em&#8221; header_line_height_phone=&#8221;1.3em&#8221; header_line_height_last_edited=&#8221;on|desktop&#8221; positioning_tablet=&#8221;&#8221; positioning_phone=&#8221;&#8221; positioning_last_edited=&#8221;on|desktop&#8221; locked=&#8221;off&#8221; global_colors_info=&#8221;{}&#8221;]<\/p>\n<h1>Calendrier<\/h1>\n<p>[\/et_pb_text][et_pb_divider show_divider=&#8221;off&#8221; _builder_version=&#8221;4.19.1&#8243; _module_preset=&#8221;default&#8221; background_color=&#8221;#E02B20&#8243; positioning=&#8221;absolute&#8221; horizontal_offset=&#8221;56%&#8221; width=&#8221;20%&#8221; width_phone=&#8221;120px&#8221; width_last_edited=&#8221;off|desktop&#8221; height=&#8221;19vw&#8221; custom_margin=&#8221;||0px||false|false&#8221; custom_margin_tablet=&#8221;0px||||false|false&#8221; custom_margin_phone=&#8221;&#8221; custom_margin_last_edited=&#8221;on|tablet&#8221; hover_enabled=&#8221;0&#8243; global_colors_info=&#8221;{%22gcid-9452e02f-d11f-42fc-a9f8-16803f93b5d0%22:%91%93}&#8221; sticky_enabled=&#8221;0&#8243;][\/et_pb_divider][et_pb_image src=&#8221;https:\/\/didieretpaolaauteurs.net\/wp-content\/uploads\/2022\/02\/IMG_6884-scaled.jpg&#8221; title_text=&#8221;IMG_6884&#8243; align=&#8221;right&#8221; _builder_version=&#8221;4.19.1&#8243; _module_preset=&#8221;default&#8221; positioning=&#8221;absolute&#8221; position_origin_a=&#8221;bottom_right&#8221; width=&#8221;30%&#8221; max_width_tablet=&#8221;400px&#8221; max_width_last_edited=&#8221;off|desktop&#8221; max_height=&#8221;12vw&#8221; custom_margin=&#8221;||0px||false|false&#8221; global_colors_info=&#8221;{}&#8221;][\/et_pb_image][et_pb_image src=&#8221;https:\/\/didieretpaolaauteurs.net\/wp-content\/uploads\/2022\/02\/IMG_7144-scaled.jpg&#8221; title_text=&#8221;IMG_7144&#8243; _builder_version=&#8221;4.19.1&#8243; _module_preset=&#8221;default&#8221; positioning=&#8221;absolute&#8221; width=&#8221;38%&#8221; max_height=&#8221;24vw&#8221; custom_margin=&#8221;||0px||false|false&#8221; global_colors_info=&#8221;{}&#8221;][\/et_pb_image][\/et_pb_column][\/et_pb_row][\/et_pb_section][et_pb_section fb_built=&#8221;1&#8243; admin_label=&#8221;Events&#8221; _builder_version=&#8221;4.16&#8243; _module_preset=&#8221;default&#8221; background_color=&#8221;#fff4ef&#8221; custom_padding=&#8221;10px|||||&#8221; global_colors_info=&#8221;{%22gcid-abdd1dfe-115d-40b5-9c1d-c1c9635de504%22:%91%93}&#8221;][et_pb_row _builder_version=&#8221;4.16&#8243; _module_preset=&#8221;default&#8221; min_height=&#8221;116px&#8221; custom_padding=&#8221;1px|||||&#8221; locked=&#8221;off&#8221; global_colors_info=&#8221;{}&#8221;][et_pb_column type=&#8221;4_4&#8243; _builder_version=&#8221;4.16&#8243; _module_preset=&#8221;default&#8221; global_colors_info=&#8221;{}&#8221;][et_pb_text _builder_version=&#8221;4.16&#8243; _module_preset=&#8221;90865f4d-2cce-42a7-b40e-d3fbad25605a&#8221; header_2_font=&#8221;Prata||||||||&#8221; header_2_text_color=&#8221;#141414&#8243; header_2_font_size=&#8221;60px&#8221; header_2_line_height=&#8221;1.2em&#8221; text_orientation=&#8221;center&#8221; max_width=&#8221;700px&#8221; module_alignment=&#8221;center&#8221; custom_margin=&#8221;||0px||false|false&#8221; header_2_font_size_tablet=&#8221;32px&#8221; header_2_font_size_phone=&#8221;20px&#8221; header_2_font_size_last_edited=&#8221;on|tablet&#8221; header_2_line_height_tablet=&#8221;1.3em&#8221; header_2_line_height_phone=&#8221;1.4em&#8221; header_2_line_height_last_edited=&#8221;on|phone&#8221; saved_tabs=&#8221;all&#8221; global_colors_info=&#8221;{%22gcid-3f47e762-ddb9-4bcc-9a88-eb1cda6175db%22:%91%93}&#8221;]<\/p>\n<h2>\u00a0Ev\u00e9nements \u00e0 venir (parfois pass\u00e9s !)<\/h2>\n<p>[\/et_pb_text][\/et_pb_column][\/et_pb_row][et_pb_row column_structure=&#8221;2_3,1_3&#8243; _builder_version=&#8221;4.16&#8243; _module_preset=&#8221;default&#8221; custom_margin=&#8221;-58px|auto||auto||&#8221; global_colors_info=&#8221;{}&#8221;][et_pb_column type=&#8221;2_3&#8243; _builder_version=&#8221;4.16&#8243; _module_preset=&#8221;default&#8221; global_colors_info=&#8221;{}&#8221;][et_pb_text _builder_version=&#8221;4.19.1&#8243; _module_preset=&#8221;default&#8221; header_4_font=&#8221;Lato|700||on|||||&#8221; header_4_text_color=&#8221;#ff4700&#8243; header_4_font_size=&#8221;10px&#8221; header_4_letter_spacing=&#8221;2px&#8221; header_4_line_height=&#8221;1.8em&#8221; custom_margin=&#8221;||0px||false|false&#8221; hover_enabled=&#8221;0&#8243; global_colors_info=&#8221;{%22gcid-9452e02f-d11f-42fc-a9f8-16803f93b5d0%22:%91%93}&#8221; sticky_enabled=&#8221;0&#8243; _dynamic_attributes=&#8221;content&#8221;]@ET-DC@eyJkeW5hbWljIjp0cnVlLCJjb250ZW50IjoiY3VycmVudF9kYXRlIiwic2V0dGluZ3MiOnsiYmVmb3JlIjoiIiwiYWZ0ZXIiOiIiLCJkYXRlX2Zvcm1hdCI6ImN1c3RvbSIsImN1c3RvbV9kYXRlX2Zvcm1hdCI6IiJ9fQ==@[\/et_pb_text][et_pb_text _builder_version=&#8221;4.16&#8243; _module_preset=&#8221;94303537-339d-484d-8204-fdaf972d663a&#8221; header_font=&#8221;||||||||&#8221; header_3_font=&#8221;Prata||||||||&#8221; header_3_text_color=&#8221;#141414&#8243; header_3_font_size=&#8221;28px&#8221; header_3_line_height=&#8221;1.5em&#8221; custom_margin=&#8221;||0px||false|false&#8221; header_3_font_size_tablet=&#8221;17px&#8221; header_3_font_size_phone=&#8221;16px&#8221; header_3_font_size_last_edited=&#8221;on|desktop&#8221; header_3_line_height_tablet=&#8221;1.4em&#8221; header_3_line_height_phone=&#8221;1.4em&#8221; header_3_line_height_last_edited=&#8221;on|desktop&#8221; global_colors_info=&#8221;{}&#8221;]<\/p>\n<h3>Dates des foires ou \u00e9v\u00e9nements o\u00f9 nous serons pr\u00e9sents.<\/h3>\n<p>[\/et_pb_text][et_pb_text _builder_version=&#8221;4.19.1&#8243; _module_preset=&#8221;da86b6f0-f83c-4c7c-bdd8-3019777ddffe&#8221; text_font=&#8221;Lato||||||||&#8221; text_text_color=&#8221;#141414&#8243; text_line_height=&#8221;1.8em&#8221; custom_margin=&#8221;||8px||false|false&#8221; hover_enabled=&#8221;0&#8243; text_font_size_tablet=&#8221;15px&#8221; text_font_size_phone=&#8221;14px&#8221; text_font_size_last_edited=&#8221;on|desktop&#8221; global_colors_info=&#8221;{}&#8221; sticky_enabled=&#8221;0&#8243;]Certains autres pour m\u00e9moire[\/et_pb_text][et_pb_image src=&#8221;https:\/\/didieretpaolaauteurs.net\/wp-content\/uploads\/2022\/02\/IMG_6950-scaled.jpg&#8221; title_text=&#8221;IMG_6950&#8243; _builder_version=&#8221;4.19.1&#8243; _module_preset=&#8221;default&#8221; global_colors_info=&#8221;{}&#8221;][\/et_pb_image][\/et_pb_column][et_pb_column type=&#8221;1_3&#8243; _builder_version=&#8221;4.16&#8243; _module_preset=&#8221;default&#8221; custom_padding=&#8221;110px||||false|false&#8221; custom_padding_tablet=&#8221;0px||||false|false&#8221; custom_padding_phone=&#8221;&#8221; custom_padding_last_edited=&#8221;on|tablet&#8221; global_colors_info=&#8221;{}&#8221;][et_pb_text _builder_version=&#8221;4.19.1&#8243; _module_preset=&#8221;default&#8221; header_4_font=&#8221;Lato|700||on|||||&#8221; header_4_text_color=&#8221;#141414&#8243; header_4_font_size=&#8221;10px&#8221; header_4_letter_spacing=&#8221;2px&#8221; header_4_line_height=&#8221;1.8em&#8221; custom_margin=&#8221;||0px||false|false&#8221; hover_enabled=&#8221;0&#8243; global_colors_info=&#8221;{%22gcid-9452e02f-d11f-42fc-a9f8-16803f93b5d0%22:%91%93,%22gcid-3f47e762-ddb9-4bcc-9a88-eb1cda6175db%22:%91%93}&#8221; link_option_url=&#8221;https:\/\/www.facebook.com\/profile.php?id=100085571475072&#8243; sticky_enabled=&#8221;0&#8243;]<\/p>\n<h4>26\/11\/2022<\/h4>\n<p>[\/et_pb_text][et_pb_text _builder_version=&#8221;4.19.1&#8243; _module_preset=&#8221;default&#8221; header_3_font=&#8221;|700|||||||&#8221; header_3_font_size=&#8221;16px&#8221; header_3_line_height=&#8221;1.5em&#8221; custom_margin=&#8221;||0px||false|false&#8221; hover_enabled=&#8221;0&#8243; header_3_font_size_tablet=&#8221;15px&#8221; header_3_font_size_phone=&#8221;14px&#8221; header_3_font_size_last_edited=&#8221;on|tablet&#8221; global_colors_info=&#8221;{}&#8221; sticky_enabled=&#8221;0&#8243;]<H3>Viva for Livres \u00e0 Florennes<\/H3>[\/et_pb_text][et_pb_button button_text=&#8221;D\u00e9tails&#8221; _builder_version=&#8221;4.19.1&#8243; _module_preset=&#8221;5e9c05ab-eb3a-413d-b419-a44b9577f8c3&#8243; custom_button=&#8221;on&#8221; button_text_size=&#8221;10px&#8221; button_text_color=&#8221;#FF4700&#8243; button_bg_color=&#8221;RGBA(0,0,0,0)&#8221; button_border_width=&#8221;0px&#8221; button_border_radius=&#8221;0px&#8221; button_letter_spacing=&#8221;2px&#8221; button_font=&#8221;Prata|700|||||||&#8221; custom_margin=&#8221;||||false|false&#8221; custom_padding=&#8221;6px|0px|6px|0px|true|true&#8221; hover_enabled=&#8221;0&#8243; locked=&#8221;off&#8221; global_colors_info=&#8221;{}&#8221; button_url=&#8221;https:\/\/www.facebook.com\/profile.php?id=100085571475072&#8243; sticky_enabled=&#8221;0&#8243; url_new_window=&#8221;on&#8221;][\/et_pb_button][et_pb_text _builder_version=&#8221;4.19.1&#8243; _module_preset=&#8221;default&#8221; header_4_font=&#8221;Lato|700||on|||||&#8221; header_4_text_color=&#8221;#141414&#8243; header_4_font_size=&#8221;10px&#8221; header_4_letter_spacing=&#8221;2px&#8221; header_4_line_height=&#8221;1.8em&#8221; custom_margin=&#8221;||0px||false|false&#8221; hover_enabled=&#8221;0&#8243; global_colors_info=&#8221;{%22gcid-9452e02f-d11f-42fc-a9f8-16803f93b5d0%22:%91%93,%22gcid-3f47e762-ddb9-4bcc-9a88-eb1cda6175db%22:%91%93}&#8221; link_option_url_new_window=&#8221;on&#8221; link_option_url=&#8221;https:\/\/www.facebook.com\/salondesauteursnamurois&#8221; sticky_enabled=&#8221;0&#8243;]<\/p>\n<h4>10 et 11 d\u00e9cembre 2022<\/h4>\n<p>[\/et_pb_text][et_pb_text _builder_version=&#8221;4.19.1&#8243; _module_preset=&#8221;default&#8221; header_3_font=&#8221;|700|||||||&#8221; header_3_font_size=&#8221;16px&#8221; header_3_line_height=&#8221;1.5em&#8221; custom_margin=&#8221;||0px||false|false&#8221; hover_enabled=&#8221;0&#8243; header_3_font_size_tablet=&#8221;15px&#8221; header_3_font_size_phone=&#8221;14px&#8221; header_3_font_size_last_edited=&#8221;on|tablet&#8221; global_colors_info=&#8221;{}&#8221; sticky_enabled=&#8221;0&#8243;]<\/p>\n<h3>Salon des auteurs namurois \u00e0 Floreffe<\/h3>\n<p>[\/et_pb_text][et_pb_button button_text=&#8221;D\u00e9tails&#8221; _builder_version=&#8221;4.19.1&#8243; _module_preset=&#8221;5e9c05ab-eb3a-413d-b419-a44b9577f8c3&#8243; custom_button=&#8221;on&#8221; button_text_size=&#8221;10px&#8221; button_text_color=&#8221;#FF4700&#8243; button_bg_color=&#8221;RGBA(0,0,0,0)&#8221; button_border_width=&#8221;0px&#8221; button_border_radius=&#8221;0px&#8221; button_letter_spacing=&#8221;2px&#8221; button_font=&#8221;Prata|700|||||||&#8221; custom_margin=&#8221;||||false|false&#8221; custom_padding=&#8221;6px|0px|6px|0px|true|true&#8221; hover_enabled=&#8221;0&#8243; locked=&#8221;off&#8221; global_colors_info=&#8221;{}&#8221; url_new_window=&#8221;on&#8221; button_url=&#8221;https:\/\/www.facebook.com\/salondesauteursnamurois&#8221; sticky_enabled=&#8221;0&#8243;][\/et_pb_button][et_pb_text _builder_version=&#8221;4.19.1&#8243; _module_preset=&#8221;default&#8221; header_4_font=&#8221;Lato|700||on|||||&#8221; header_4_text_color=&#8221;#141414&#8243; header_4_font_size=&#8221;10px&#8221; header_4_letter_spacing=&#8221;2px&#8221; header_4_line_height=&#8221;1.8em&#8221; custom_margin=&#8221;||0px||false|false&#8221; hover_enabled=&#8221;0&#8243; global_colors_info=&#8221;{%22gcid-9452e02f-d11f-42fc-a9f8-16803f93b5d0%22:%91%93,%22gcid-3f47e762-ddb9-4bcc-9a88-eb1cda6175db%22:%91%93}&#8221; sticky_enabled=&#8221;0&#8243;]<\/p>\n<h4>16 d\u00e9cembre 2022<\/h4>\n<p>[\/et_pb_text][et_pb_text _builder_version=&#8221;4.19.1&#8243; _module_preset=&#8221;default&#8221; header_3_font=&#8221;|700|||||||&#8221; header_3_font_size=&#8221;16px&#8221; header_3_line_height=&#8221;1.5em&#8221; custom_margin=&#8221;||0px||false|false&#8221; hover_enabled=&#8221;0&#8243; header_3_font_size_tablet=&#8221;15px&#8221; header_3_font_size_phone=&#8221;14px&#8221; header_3_font_size_last_edited=&#8221;on|tablet&#8221; global_colors_info=&#8221;{}&#8221; sticky_enabled=&#8221;0&#8243;]<\/p>\n<h3>Vendredi soir c&#8217;est Polar \u00e0 Bruxelles<\/h3>\n<p>[\/et_pb_text][et_pb_button button_text=&#8221;D\u00e9tails&#8221; _builder_version=&#8221;4.19.1&#8243; _module_preset=&#8221;5e9c05ab-eb3a-413d-b419-a44b9577f8c3&#8243; custom_button=&#8221;on&#8221; button_text_size=&#8221;10px&#8221; button_text_color=&#8221;#FF4700&#8243; button_bg_color=&#8221;RGBA(0,0,0,0)&#8221; button_border_width=&#8221;0px&#8221; button_border_radius=&#8221;0px&#8221; button_letter_spacing=&#8221;2px&#8221; button_font=&#8221;Prata|700|||||||&#8221; custom_margin=&#8221;||||false|false&#8221; custom_padding=&#8221;6px|0px|6px|0px|true|true&#8221; hover_enabled=&#8221;0&#8243; locked=&#8221;off&#8221; global_colors_info=&#8221;{}&#8221; sticky_enabled=&#8221;0&#8243;][\/et_pb_button][\/et_pb_column][\/et_pb_row][\/et_pb_section][et_pb_section fb_built=&#8221;1&#8243; admin_label=&#8221;Footer&#8221; _builder_version=&#8221;4.16&#8243; _module_preset=&#8221;default&#8221; background_color=&#8221;#141414&#8243; locked=&#8221;off&#8221; global_colors_info=&#8221;{%22gcid-3f47e762-ddb9-4bcc-9a88-eb1cda6175db%22:%91%93}&#8221;][et_pb_row column_structure=&#8221;1_3,1_3,1_3&#8243; _builder_version=&#8221;4.16&#8243; _module_preset=&#8221;default&#8221; global_colors_info=&#8221;{}&#8221;][et_pb_column type=&#8221;1_3&#8243; _builder_version=&#8221;4.16&#8243; _module_preset=&#8221;default&#8221; global_colors_info=&#8221;{}&#8221;][et_pb_text _builder_version=&#8221;4.16&#8243; _module_preset=&#8221;953b54f8-0496-49ab-9a7b-b2a4d19ebf86&#8243; header_font=&#8221;||||||||&#8221; header_text_color=&#8221;#141414&#8243; header_3_font=&#8221;Prata||||||||&#8221; header_3_text_color=&#8221;#FFFFFF&#8221; header_3_font_size=&#8221;24px&#8221; header_3_line_height=&#8221;1.3em&#8221; custom_margin=&#8221;||0px||false|false&#8221; header_3_font_size_tablet=&#8221;22px&#8221; header_3_font_size_phone=&#8221;18px&#8221; header_3_font_size_last_edited=&#8221;on|desktop&#8221; header_3_line_height_tablet=&#8221;1.4em&#8221; header_3_line_height_phone=&#8221;1.4em&#8221; header_3_line_height_last_edited=&#8221;on|desktop&#8221; global_colors_info=&#8221;{%22gcid-3f47e762-ddb9-4bcc-9a88-eb1cda6175db%22:%91%22header_text_color%22%93}&#8221;]<\/p>\n<h3>Divi Space<\/h3>\n<p>[\/et_pb_text][et_pb_text _builder_version=&#8221;4.16&#8243; _module_preset=&#8221;da86b6f0-f83c-4c7c-bdd8-3019777ddffe&#8221; text_font=&#8221;Lato||||||||&#8221; text_text_color=&#8221;#FFFFFF&#8221; text_font_size=&#8221;16px&#8221; text_line_height=&#8221;1.8em&#8221; text_font_size_tablet=&#8221;15px&#8221; text_font_size_phone=&#8221;14px&#8221; text_font_size_last_edited=&#8221;on|desktop&#8221; global_colors_info=&#8221;{}&#8221;]Vestibulum ante ipsum primis in faucibus orci luctus et ultrices posuere cubilia. Donec velit neque, auctor sit amet.[\/et_pb_text][\/et_pb_column][et_pb_column type=&#8221;1_3&#8243; _builder_version=&#8221;4.16&#8243; _module_preset=&#8221;default&#8221; global_colors_info=&#8221;{}&#8221;][et_pb_text _builder_version=&#8221;4.16&#8243; _module_preset=&#8221;953b54f8-0496-49ab-9a7b-b2a4d19ebf86&#8243; header_font=&#8221;||||||||&#8221; header_text_color=&#8221;#141414&#8243; header_3_font=&#8221;Prata||||||||&#8221; header_3_text_color=&#8221;#FFFFFF&#8221; header_3_font_size=&#8221;24px&#8221; header_3_line_height=&#8221;1.3em&#8221; custom_margin=&#8221;||0px||false|false&#8221; header_3_font_size_tablet=&#8221;22px&#8221; header_3_font_size_phone=&#8221;18px&#8221; header_3_font_size_last_edited=&#8221;on|desktop&#8221; header_3_line_height_tablet=&#8221;1.4em&#8221; header_3_line_height_phone=&#8221;1.4em&#8221; header_3_line_height_last_edited=&#8221;on|desktop&#8221; locked=&#8221;off&#8221; global_colors_info=&#8221;{%22gcid-3f47e762-ddb9-4bcc-9a88-eb1cda6175db%22:%91%22header_text_color%22%93}&#8221;]<\/p>\n<h3>Quik Links<\/h3>\n<p>[\/et_pb_text][et_pb_text _builder_version=&#8221;4.16&#8243; _module_preset=&#8221;da86b6f0-f83c-4c7c-bdd8-3019777ddffe&#8221; text_font=&#8221;Lato||||||||&#8221; text_text_color=&#8221;#FFFFFF&#8221; text_font_size=&#8221;16px&#8221; text_line_height=&#8221;1.8em&#8221; link_text_color=&#8221;#FFFFFF&#8221; link_line_height=&#8221;2em&#8221; text_font_size_tablet=&#8221;15px&#8221; text_font_size_phone=&#8221;14px&#8221; text_font_size_last_edited=&#8221;on|desktop&#8221; locked=&#8221;off&#8221; global_colors_info=&#8221;null&#8221; link_text_color__hover_enabled=&#8221;on|hover&#8221; link_text_color__hover=&#8221;#FF4700&#8243;]<\/p>\n<p><a href=\"#\">Support<\/a><br \/><a href=\"#\">Pricing<\/a><br \/><a href=\"#\">Blog<\/a><br \/><a href=\"#\">Contact<\/a><\/p>\n<p>[\/et_pb_text][\/et_pb_column][et_pb_column type=&#8221;1_3&#8243; _builder_version=&#8221;4.16&#8243; _module_preset=&#8221;default&#8221; global_colors_info=&#8221;{}&#8221;][et_pb_text _builder_version=&#8221;4.16&#8243; _module_preset=&#8221;953b54f8-0496-49ab-9a7b-b2a4d19ebf86&#8243; header_font=&#8221;||||||||&#8221; header_text_color=&#8221;#141414&#8243; header_3_font=&#8221;Prata||||||||&#8221; header_3_text_color=&#8221;#FFFFFF&#8221; header_3_font_size=&#8221;24px&#8221; header_3_line_height=&#8221;1.3em&#8221; custom_margin=&#8221;||0px||false|false&#8221; header_3_font_size_tablet=&#8221;22px&#8221; header_3_font_size_phone=&#8221;18px&#8221; header_3_font_size_last_edited=&#8221;on|desktop&#8221; header_3_line_height_tablet=&#8221;1.4em&#8221; header_3_line_height_phone=&#8221;1.4em&#8221; header_3_line_height_last_edited=&#8221;on|desktop&#8221; locked=&#8221;off&#8221; global_colors_info=&#8221;{%22gcid-3f47e762-ddb9-4bcc-9a88-eb1cda6175db%22:%91%22header_text_color%22%93}&#8221;]<\/p>\n<h3>Follow Us<\/h3>\n<p>[\/et_pb_text][et_pb_social_media_follow icon_color=&#8221;#141414&#8243; _builder_version=&#8221;4.16&#8243; _module_preset=&#8221;default&#8221; border_radii=&#8221;on|50px|50px|50px|50px&#8221; global_colors_info=&#8221;{}&#8221;][et_pb_social_media_follow_network social_network=&#8221;facebook&#8221; _builder_version=&#8221;4.16&#8243; _module_preset=&#8221;default&#8221; background_color=&#8221;#FFFFFF&#8221; background_enable_color=&#8221;on&#8221; custom_padding=&#8221;4px|4px|4px|4px|true|true&#8221; global_colors_info=&#8221;{}&#8221; follow_button=&#8221;off&#8221; url_new_window=&#8221;on&#8221;]facebook[\/et_pb_social_media_follow_network][et_pb_social_media_follow_network social_network=&#8221;twitter&#8221; _builder_version=&#8221;4.16&#8243; _module_preset=&#8221;default&#8221; background_color=&#8221;#FFFFFF&#8221; background_enable_color=&#8221;on&#8221; custom_padding=&#8221;4px|4px|4px|4px|true|true&#8221; global_colors_info=&#8221;{}&#8221; follow_button=&#8221;off&#8221; url_new_window=&#8221;on&#8221;]twitter[\/et_pb_social_media_follow_network][et_pb_social_media_follow_network social_network=&#8221;instagram&#8221; _builder_version=&#8221;4.16&#8243; _module_preset=&#8221;default&#8221; background_color=&#8221;#FFFFFF&#8221; background_enable_color=&#8221;on&#8221; custom_padding=&#8221;4px|4px|4px|4px|true|true&#8221; global_colors_info=&#8221;{}&#8221; follow_button=&#8221;off&#8221; url_new_window=&#8221;on&#8221;]instagram[\/et_pb_social_media_follow_network][\/et_pb_social_media_follow][\/et_pb_column][\/et_pb_row][\/et_pb_section]<\/p>\n","protected":false},"excerpt":{"rendered":"<p>Calendrier\u00a0Ev\u00e9nements \u00e0 venir (parfois pass\u00e9s !)Dates des foires ou \u00e9v\u00e9nements o\u00f9 nous serons pr\u00e9sents.Certains autres pour m\u00e9moire26\/11\/2022Viva for Livres \u00e0 Florennes10 et 11 d\u00e9cembre 2022Salon des auteurs namurois \u00e0 Floreffe16 d\u00e9cembre 2022Vendredi soir c&#8217;est Polar \u00e0 BruxellesDivi SpaceVestibulum ante ipsum primis in faucibus orci luctus et ultrices posuere cubilia. Donec velit neque, auctor sit amet.Quik [&hellip;]<\/p>\n","protected":false},"author":1,"featured_media":0,"parent":0,"menu_order":0,"comment_status":"closed","ping_status":"closed","template":"","meta":{"_et_pb_use_builder":"on","_et_pb_old_content":"","_et_gb_content_width":"","footnotes":""},"jetpack_sharing_enabled":true,"_links":{"self":[{"href":"https:\/\/didieretpaolaauteurs.net\/index.php\/wp-json\/wp\/v2\/pages\/292"}],"collection":[{"href":"https:\/\/didieretpaolaauteurs.net\/index.php\/wp-json\/wp\/v2\/pages"}],"about":[{"href":"https:\/\/didieretpaolaauteurs.net\/index.php\/wp-json\/wp\/v2\/types\/page"}],"author":[{"embeddable":true,"href":"https:\/\/didieretpaolaauteurs.net\/index.php\/wp-json\/wp\/v2\/users\/1"}],"replies":[{"embeddable":true,"href":"https:\/\/didieretpaolaauteurs.net\/index.php\/wp-json\/wp\/v2\/comments?post=292"}],"version-history":[{"count":11,"href":"https:\/\/didieretpaolaauteurs.net\/index.php\/wp-json\/wp\/v2\/pages\/292\/revisions"}],"predecessor-version":[{"id":316,"href":"https:\/\/didieretpaolaauteurs.net\/index.php\/wp-json\/wp\/v2\/pages\/292\/revisions\/316"}],"wp:attachment":[{"href":"https:\/\/didieretpaolaauteurs.net\/index.php\/wp-json\/wp\/v2\/media?parent=292"}],"curies":[{"name":"wp","href":"https:\/\/api.w.org\/{rel}","templated":true}]}}